{"id":73,"date":"2020-03-03T10:48:48","date_gmt":"2020-03-03T10:48:48","guid":{"rendered":"http:\/\/immonax.com\/?page_id=73"},"modified":"2022-03-25T14:40:13","modified_gmt":"2022-03-25T14:40:13","slug":"impressum","status":"publish","type":"page","link":"https:\/\/immonax.com\/?page_id=73","title":{"rendered":"impressum"},"content":{"rendered":"\n<div class=\"wp-block-themeisle-blocks-advanced-columns has-1-columns has-desktop-equal-layout has-tablet-equal-layout has-mobile-equal-layout has-default-gap has-vertical-unset\" id=\"wp-block-themeisle-blocks-advanced-columns-84fba941\"><div class=\"wp-block-themeisle-blocks-advanced-columns-overlay\"><\/div><div class=\"innerblocks-wrap\">\n<div class=\"wp-block-themeisle-blocks-advanced-column\" id=\"wp-block-themeisle-blocks-advanced-column-c0530435\">\n<h1 class=\"wp-block-heading\">Impressum<\/h1>\n\n\n\n<p>Informationspflicht laut \u00a7 5 TMG.<\/p>\n\n\n\n<p>immonax GmbH<br>Von-Coels-Str. 192 <br>52080 Aachen<br>Deutschland<\/p>\n\n\n\n<p> <strong>Register:<\/strong> Handelsregister<br> <strong>Registernummer:<\/strong> HRB 100257<br> <strong>Registergericht:<\/strong> Amtsgericht K\u00f6ln<br> <\/p>\n\n\n\n<p> <strong>E-Mail:<\/strong> <a href=\"mailto:info@immonax.com\">info@immonax.com<\/a><\/p>\n\n\n\n<p> <strong>Gesch\u00e4ftsf\u00fchrer<\/strong> <br>Nadine H\u00e4user, Axel H\u00e4user, Andre Sch\u00fctte<\/p>\n<\/div>\n<\/div><\/div>\n","protected":false},"excerpt":{"rendered":"","protected":false},"author":1,"featured_media":0,"parent":0,"menu_order":0,"comment_status":"closed","ping_status":"closed","template":"","meta":{"footnotes":""},"class_list":["post-73","page","type-page","status-publish","hentry"],"_links":{"self":[{"href":"https:\/\/immonax.com\/index.php?rest_route=\/wp\/v2\/pages\/73","targetHints":{"allow":["GET"]}}],"collection":[{"href":"https:\/\/immonax.com\/index.php?rest_route=\/wp\/v2\/pages"}],"about":[{"href":"https:\/\/immonax.com\/index.php?rest_route=\/wp\/v2\/types\/page"}],"author":[{"embeddable":true,"href":"https:\/\/immonax.com\/index.php?rest_route=\/wp\/v2\/users\/1"}],"replies":[{"embeddable":true,"href":"https:\/\/immonax.com\/index.php?rest_route=%2Fwp%2Fv2%2Fcomments&post=73"}],"version-history":[{"count":5,"href":"https:\/\/immonax.com\/index.php?rest_route=\/wp\/v2\/pages\/73\/revisions"}],"predecessor-version":[{"id":134,"href":"https:\/\/immonax.com\/index.php?rest_route=\/wp\/v2\/pages\/73\/revisions\/134"}],"wp:attachment":[{"href":"https:\/\/immonax.com\/index.php?rest_route=%2Fwp%2Fv2%2Fmedia&parent=73"}],"curies":[{"name":"wp","href":"https:\/\/api.w.org\/{rel}","templated":true}]}}